{"id":29,"date":"2022-02-05T00:09:01","date_gmt":"2022-02-04T23:09:01","guid":{"rendered":"http:\/\/astroshopping.com\/?post_type=product&#038;p=29"},"modified":"2023-01-03T18:25:26","modified_gmt":"2023-01-03T17:25:26","slug":"astrodessin","status":"publish","type":"product","link":"https:\/\/astroshopping.com\/index.php\/produit\/astrodessin\/","title":{"rendered":"Astrodessin"},"content":{"rendered":"<p>Souvent \u00e9voqu\u00e9s dans la litt\u00e9rature traitant d\u2019astronomie de terrain, les th\u00e8mes du dessin astronomique et de l\u2019observation visuelle n\u2019ont jamais \u00e9t\u00e9 tr\u00e8s d\u00e9velopp\u00e9s. Le sujet m\u00e9rite pourtant qu\u2019on lui d\u00e9die un ouvrage sp\u00e9cialis\u00e9 tant il est vaste et passionnant.<br \/>\nLe pr\u00e9sent ouvrage a pour ambition de combler ce grand vide et de r\u00e9pondre \u00e0 un r\u00e9el besoin.<\/p>\n","protected":false},"excerpt":{"rendered":"<p>Ouvrage consacr\u00e9 \u00e0 l&#8217;observation visuelle du ciel et au dessin astronomique. Il est organis\u00e9 en deux tomes indissociables.<\/p>\n","protected":false},"featured_media":30,"comment_status":"closed","ping_status":"closed","template":"","meta":{"_et_pb_use_builder":"","_et_pb_old_content":"","_et_gb_content_width":""},"product_cat":[18],"product_tag":[],"_links":{"self":[{"href":"https:\/\/astroshopping.com\/index.php\/wp-json\/wp\/v2\/product\/29"}],"collection":[{"href":"https:\/\/astroshopping.com\/index.php\/wp-json\/wp\/v2\/product"}],"about":[{"href":"https:\/\/astroshopping.com\/index.php\/wp-json\/wp\/v2\/types\/product"}],"replies":[{"embeddable":true,"href":"https:\/\/astroshopping.com\/index.php\/wp-json\/wp\/v2\/comments?post=29"}],"wp:featuredmedia":[{"embeddable":true,"href":"https:\/\/astroshopping.com\/index.php\/wp-json\/wp\/v2\/media\/30"}],"wp:attachment":[{"href":"https:\/\/astroshopping.com\/index.php\/wp-json\/wp\/v2\/media?parent=29"}],"wp:term":[{"taxonomy":"product_cat","embeddable":true,"href":"https:\/\/astroshopping.com\/index.php\/wp-json\/wp\/v2\/product_cat?post=29"},{"taxonomy":"product_tag","embeddable":true,"href":"https:\/\/astroshopping.com\/index.php\/wp-json\/wp\/v2\/product_tag?post=29"}],"curies":[{"name":"wp","href":"https:\/\/api.w.org\/{rel}","templated":true}]}}